{"id":5217,"date":"2025-10-06T19:46:04","date_gmt":"2025-10-06T19:46:04","guid":{"rendered":"https:\/\/growertractor.com\/?page_id=5217"},"modified":"2025-10-14T16:56:51","modified_gmt":"2025-10-14T16:56:51","slug":"company-grower","status":"publish","type":"page","link":"https:\/\/growertractor.com\/es\/company-grower\/","title":{"rendered":"Empresa"},"content":{"rendered":"","protected":false},"excerpt":{"rendered":"","protected":false},"author":1,"featured_media":0,"parent":0,"menu_order":0,"comment_status":"closed","ping_status":"closed","template":"","meta":{"footnotes":""},"class_list":["post-5217","page","type-page","status-publish","hentry"],"yoast_head":"<!-- This site is optimized with the Yoast SEO plugin v27.3 - https:\/\/yoast.com\/product\/yoast-seo-wordpress\/ -->\n<title>company &#8226; GrowerTractor<\/title>\n<meta name=\"description\" content=\"At Grower, our commitment to excellence is reflected in every aspect of our work. From our modern manufacturing facilities to our highly skilled team, we are dedicated to delivering the highest quality agricultural machinery that is ready to meet the most demanding challenges in the field.\" \/>\n<meta name=\"robots\" content=\"index, follow, max-snippet:-1, max-image-preview:large, max-video-preview:-1\" \/>\n<link rel=\"canonical\" href=\"https:\/\/growertractor.com\/es\/company-grower\/\" \/>\n<meta property=\"og:locale\" content=\"es_ES\" \/>\n<meta property=\"og:type\" content=\"article\" \/>\n<meta property=\"og:title\" content=\"company &#8226; GrowerTractor\" \/>\n<meta property=\"og:description\" content=\"At Grower, our commitment to excellence is reflected in every aspect of our work. From our modern manufacturing facilities to our highly skilled team, we are dedicated to delivering the highest quality agricultural machinery that is ready to meet the most demanding challenges in the field.\" \/>\n<meta property=\"og:url\" content=\"https:\/\/growertractor.com\/es\/company-grower\/\" \/>\n<meta property=\"og:site_name\" content=\"GrowerTractor\" \/>\n<meta property=\"article:modified_time\" content=\"2025-10-14T16:56:51+00:00\" \/>\n<meta name=\"twitter:card\" content=\"summary_large_image\" \/>\n<script type=\"application\/ld+json\" class=\"yoast-schema-graph\">{\"@context\":\"https:\\\/\\\/schema.org\",\"@graph\":[{\"@type\":\"WebPage\",\"@id\":\"https:\\\/\\\/growertractor.com\\\/company-grower\\\/\",\"url\":\"https:\\\/\\\/growertractor.com\\\/company-grower\\\/\",\"name\":\"company &#8226; GrowerTractor\",\"isPartOf\":{\"@id\":\"https:\\\/\\\/growertractor.com\\\/#website\"},\"datePublished\":\"2025-10-06T19:46:04+00:00\",\"dateModified\":\"2025-10-14T16:56:51+00:00\",\"description\":\"At Grower, our commitment to excellence is reflected in every aspect of our work. From our modern manufacturing facilities to our highly skilled team, we are dedicated to delivering the highest quality agricultural machinery that is ready to meet the most demanding challenges in the field.\",\"breadcrumb\":{\"@id\":\"https:\\\/\\\/growertractor.com\\\/company-grower\\\/#breadcrumb\"},\"inLanguage\":\"es\",\"potentialAction\":[{\"@type\":\"ReadAction\",\"target\":[\"https:\\\/\\\/growertractor.com\\\/company-grower\\\/\"]}]},{\"@type\":\"BreadcrumbList\",\"@id\":\"https:\\\/\\\/growertractor.com\\\/company-grower\\\/#breadcrumb\",\"itemListElement\":[{\"@type\":\"ListItem\",\"position\":1,\"name\":\"Portada\",\"item\":\"https:\\\/\\\/growertractor.com\\\/\"},{\"@type\":\"ListItem\",\"position\":2,\"name\":\"Company\"}]},{\"@type\":\"WebSite\",\"@id\":\"https:\\\/\\\/growertractor.com\\\/#website\",\"url\":\"https:\\\/\\\/growertractor.com\\\/\",\"name\":\"Grower\",\"description\":\"GROWER\",\"publisher\":{\"@id\":\"https:\\\/\\\/growertractor.com\\\/#organization\"},\"alternateName\":\"Grower Tractor\",\"potentialAction\":[{\"@type\":\"SearchAction\",\"target\":{\"@type\":\"EntryPoint\",\"urlTemplate\":\"https:\\\/\\\/growertractor.com\\\/?s={search_term_string}\"},\"query-input\":{\"@type\":\"PropertyValueSpecification\",\"valueRequired\":true,\"valueName\":\"search_term_string\"}}],\"inLanguage\":\"es\"},{\"@type\":\"Organization\",\"@id\":\"https:\\\/\\\/growertractor.com\\\/#organization\",\"name\":\"Grower\",\"url\":\"https:\\\/\\\/growertractor.com\\\/\",\"logo\":{\"@type\":\"ImageObject\",\"inLanguage\":\"es\",\"@id\":\"https:\\\/\\\/growertractor.com\\\/#\\\/schema\\\/logo\\\/image\\\/\",\"url\":\"https:\\\/\\\/growertractor.com\\\/wp-content\\\/uploads\\\/2023\\\/04\\\/logo-1.png\",\"contentUrl\":\"https:\\\/\\\/growertractor.com\\\/wp-content\\\/uploads\\\/2023\\\/04\\\/logo-1.png\",\"width\":269,\"height\":60,\"caption\":\"Grower\"},\"image\":{\"@id\":\"https:\\\/\\\/growertractor.com\\\/#\\\/schema\\\/logo\\\/image\\\/\"}}]}<\/script>\n<!-- \/ Yoast SEO plugin. -->","yoast_head_json":{"title":"company &#8226; GrowerTractor","description":"En Grower, nuestra dedicaci\u00f3n a la excelencia se refleja en cada aspecto de nuestro trabajo. Desde nuestras modernas instalaciones de fabricaci\u00f3n hasta nuestro equipo altamente capacitado, nos comprometemos a ofrecer maquinaria agr\u00edcola de la m\u00e1s alta calidad que est\u00e9 preparada para enfrentar los desaf\u00edos m\u00e1s exigentes en el campo.","robots":{"index":"index","follow":"follow","max-snippet":"max-snippet:-1","max-image-preview":"max-image-preview:large","max-video-preview":"max-video-preview:-1"},"canonical":"https:\/\/growertractor.com\/es\/company-grower\/","og_locale":"es_ES","og_type":"article","og_title":"company &#8226; GrowerTractor","og_description":"At Grower, our commitment to excellence is reflected in every aspect of our work. From our modern manufacturing facilities to our highly skilled team, we are dedicated to delivering the highest quality agricultural machinery that is ready to meet the most demanding challenges in the field.","og_url":"https:\/\/growertractor.com\/es\/company-grower\/","og_site_name":"GrowerTractor","article_modified_time":"2025-10-14T16:56:51+00:00","twitter_card":"summary_large_image","schema":{"@context":"https:\/\/schema.org","@graph":[{"@type":"WebPage","@id":"https:\/\/growertractor.com\/company-grower\/","url":"https:\/\/growertractor.com\/company-grower\/","name":"company &#8226; GrowerTractor","isPartOf":{"@id":"https:\/\/growertractor.com\/#website"},"datePublished":"2025-10-06T19:46:04+00:00","dateModified":"2025-10-14T16:56:51+00:00","description":"En Grower, nuestra dedicaci\u00f3n a la excelencia se refleja en cada aspecto de nuestro trabajo. Desde nuestras modernas instalaciones de fabricaci\u00f3n hasta nuestro equipo altamente capacitado, nos comprometemos a ofrecer maquinaria agr\u00edcola de la m\u00e1s alta calidad que est\u00e9 preparada para enfrentar los desaf\u00edos m\u00e1s exigentes en el campo.","breadcrumb":{"@id":"https:\/\/growertractor.com\/company-grower\/#breadcrumb"},"inLanguage":"es","potentialAction":[{"@type":"ReadAction","target":["https:\/\/growertractor.com\/company-grower\/"]}]},{"@type":"BreadcrumbList","@id":"https:\/\/growertractor.com\/company-grower\/#breadcrumb","itemListElement":[{"@type":"ListItem","position":1,"name":"Portada","item":"https:\/\/growertractor.com\/"},{"@type":"ListItem","position":2,"name":"Company"}]},{"@type":"WebSite","@id":"https:\/\/growertractor.com\/#website","url":"https:\/\/growertractor.com\/","name":"Grower","description":"GROWER","publisher":{"@id":"https:\/\/growertractor.com\/#organization"},"alternateName":"Grower Tractor","potentialAction":[{"@type":"SearchAction","target":{"@type":"EntryPoint","urlTemplate":"https:\/\/growertractor.com\/?s={search_term_string}"},"query-input":{"@type":"PropertyValueSpecification","valueRequired":true,"valueName":"search_term_string"}}],"inLanguage":"es"},{"@type":"Organization","@id":"https:\/\/growertractor.com\/#organization","name":"Grower","url":"https:\/\/growertractor.com\/","logo":{"@type":"ImageObject","inLanguage":"es","@id":"https:\/\/growertractor.com\/#\/schema\/logo\/image\/","url":"https:\/\/growertractor.com\/wp-content\/uploads\/2023\/04\/logo-1.png","contentUrl":"https:\/\/growertractor.com\/wp-content\/uploads\/2023\/04\/logo-1.png","width":269,"height":60,"caption":"Grower"},"image":{"@id":"https:\/\/growertractor.com\/#\/schema\/logo\/image\/"}}]}},"_links":{"self":[{"href":"https:\/\/growertractor.com\/es\/wp-json\/wp\/v2\/pages\/5217","targetHints":{"allow":["GET"]}}],"collection":[{"href":"https:\/\/growertractor.com\/es\/wp-json\/wp\/v2\/pages"}],"about":[{"href":"https:\/\/growertractor.com\/es\/wp-json\/wp\/v2\/types\/page"}],"author":[{"embeddable":true,"href":"https:\/\/growertractor.com\/es\/wp-json\/wp\/v2\/users\/1"}],"replies":[{"embeddable":true,"href":"https:\/\/growertractor.com\/es\/wp-json\/wp\/v2\/comments?post=5217"}],"version-history":[{"count":5,"href":"https:\/\/growertractor.com\/es\/wp-json\/wp\/v2\/pages\/5217\/revisions"}],"predecessor-version":[{"id":5960,"href":"https:\/\/growertractor.com\/es\/wp-json\/wp\/v2\/pages\/5217\/revisions\/5960"}],"wp:attachment":[{"href":"https:\/\/growertractor.com\/es\/wp-json\/wp\/v2\/media?parent=5217"}],"curies":[{"name":"wp","href":"https:\/\/api.w.org\/{rel}","templated":true}]}}